{"id":7164,"date":"2022-01-05T16:25:28","date_gmt":"2022-01-05T16:25:28","guid":{"rendered":"http:\/\/localhost\/bhc-dev\/?page_id=7164"},"modified":"2022-05-20T12:27:46","modified_gmt":"2022-05-20T12:27:46","slug":"baby-health-check","status":"publish","type":"page","link":"https:\/\/www.babyhealthcheck.com\/de\/","title":{"rendered":"Baby Health Check"},"content":{"rendered":"\n<div class=\"wp-block-columns pb-70\">\n<div class=\"wp-block-column\">\n<figure class=\"wp-block-image size-full\"><img loading=\"lazy\" width=\"500\" height=\"500\" src=\"https:\/\/www.babyhealthcheck.com\/de\/wp-content\/uploads\/sites\/10\/2021\/12\/bhc_kit_cover.jpg\" alt=\"\" class=\"wp-image-6814\"\/><\/figure>\n<\/div>\n\n\n\n<div class=\"wp-block-column\">\n<h2 id=\"baby-health-check\"><mark style=\"background-color:rgba(0, 0, 0, 0);color:#7b67ab\" class=\"has-inline-color\">Baby Health Check<\/mark><\/h2>\n\n\n\n<p>Neugeborene und Kinder k\u00f6nnen jetzt auf weitere Seltene Erkrankungen untersucht werden. Um Eltern und ihren Kindern Zugang zu komplexer Diagnostik zu erm\u00f6glichen, hat das medizinische Labor&nbsp;<a rel=\"noreferrer noopener\" href=\"https:\/\/www.archimedlife.com\/\" target=\"_blank\">ARCHIMEDlife<\/a>, zusammen mit Kinder\u00e4rztInnen und ExpertInnen, das Baby Health Check Programm entwickelt \u2013 einem Screening der n\u00e4chsten Generation.<\/p>\n\n\n\n<p>Ein komplettes diagnostisches Neugeborenen-Programm:<\/p>\n\n\n\n<ul class=\"pink-checks\"><li>Erh\u00e4ltlich als Erg\u00e4nzung zum staatlichen Deutschen&nbsp;Neugeborenen-Screening.<\/li><li>Schnelle und einfache Probenentnahme mittels Trockenblutkarte.<\/li><li>Genetische Abkl\u00e4rungstests aus der gleichen Probe im Programm inkludiert und sofort verf\u00fcgbar.<\/li><\/ul>\n\n\n\n<div class=\"wp-container-1 wp-block-buttons\">\n<div class=\"wp-block-button\"><a class=\"wp-block-button__link has-white-color has-text-color has-background no-border-radius\" href=\"https:\/\/www.babyhealthcheck.com\/de\/zielkrankheiten\/\" style=\"background-color:#7b67ab\">Zielkrankheiten<\/a><\/div>\n\n\n\n<div class=\"wp-block-button\"><a class=\"wp-block-button__link has-white-color has-text-color has-background no-border-radius\" href=\"https:\/\/www.babyhealthcheck.com\/de\/bestellung\/\" style=\"background-color:#7b67ab\">Bestellung<\/a><\/div>\n<\/div>\n<\/div>\n<\/div>\n\n\n\n<div class=\"wp-block-cover is-light mid-page\"><span aria-hidden=\"true\" class=\"has-background-dim-10 wp-block-cover__gradient-background has-background-dim\"><\/span><img loading=\"lazy\" width=\"2000\" height=\"1333\" class=\"wp-block-cover__image-background wp-image-6821\" alt=\"\" src=\"https:\/\/www.babyhealthcheck.com\/de\/wp-content\/uploads\/sites\/10\/2021\/12\/AL_BHC_page_2.jpg\" data-object-fit=\"cover\"\/><div class=\"wp-block-cover__inner-container\">\n<p class=\"has-text-align-center has-white-color has-text-color has-huge-font-size\"><strong><strong>Die Zukunft im Blick<\/strong><\/strong><\/p>\n<\/div><\/div>\n\n\n\n<div class=\"wp-block-columns pb-70\">\n<div class=\"wp-block-column\" style=\"flex-basis:100%\">\n<div class=\"wp-block-columns\">\n<div class=\"wp-block-column\">\n<h2 class=\"has-text-align-center mb-5\" id=\"warum-baby-health-check-so-wichtig-ist\"><mark style=\"background-color:rgba(0, 0, 0, 0);color:#7b67ab\" class=\"has-inline-color\">Warum Baby Health Check so wichtig ist.<\/mark><\/h2>\n\n\n\n<div class=\"wp-block-columns\">\n<div class=\"wp-block-column\">\n<p><mark style=\"background-color:rgba(0, 0, 0, 0);color:#d478af\" class=\"has-inline-color\"><strong><strong>Aktuelle Situation<\/strong><\/strong><br><\/mark>Deutschland hat seit Jahrzehnten ein erfolgreiches Vorsorgeprogramm f\u00fcr Neugeborene. Ein Screening unmittelbar nach der Geburt erkennt angeborene Stoffwechselerkrankungen und Endokrinopathien, um gegebenenfalls bei betroffenen Kindern eine fr\u00fchzeitige Behandlung zu erm\u00f6glichen. Derzeit werden 18 Krankheiten untersucht.<\/p>\n<\/div>\n\n\n\n<div class=\"wp-block-column\">\n<p><mark style=\"background-color:rgba(0, 0, 0, 0);color:#d478af\" class=\"has-inline-color\"><strong><strong>Medizinischer Fortschritt<\/strong><\/strong><\/mark><br>Die rasche Weiterentwicklung neuer Technologien und therapeutischer Ans\u00e4tze f\u00fcr Seltene Erkrankungen erfordern eine unmittelbare Anpassung des Screening-Panels. Baby Health Check ist am Puls des medizinischen Fortschritts, indem das Screening-Panel laufend aktualisiert wird.<\/p>\n<\/div>\n<\/div>\n<\/div>\n<\/div>\n\n\n\n<div class=\"wp-block-columns\">\n<div class=\"wp-block-column\">\n<p><mark style=\"background-color:rgba(0, 0, 0, 0);color:#d478af\" class=\"has-inline-color\"><strong><strong>Ziel des Programms<\/strong><\/strong><\/mark><br>Die Lebensqualit\u00e4t von Neugeborenen mit Seltenen Krankheiten zu verbessern \u2013 das ist der Fokus unseres Programms. Durch ein erweitertes Screening-Panel mit \u00fcberwiegend therapierbaren Erkrankungen erm\u00f6glicht Baby Health Check die fr\u00fchzeitige Erkennung von angeborenen Stoffwechselst\u00f6rungen (Endokrinopathien) vor dem Auftreten von Symptomen. <br><br>Im Krankheitsfall kann unverz\u00fcglich eine geeignete Therapie eingeleitet werden. Unser \u00c4rztInnen-Team steht Ihnen mit weiteren Informationen zur Verf\u00fcgung und unterst\u00fctzt Sie gerne.<\/p>\n<\/div>\n\n\n\n<div class=\"wp-block-column\">\n<p><strong><span style=\"color:#d478af\" class=\"has-inline-color\"><strong>Nicht nur f\u00fcr Neugeborene<\/strong><\/span><\/strong><span style=\"color:#7b67ab\" class=\"has-inline-color\"><br><\/span>Baby Health Check kann auch bei symptomatischen Kleinkindern und Jugendlichen sowie bei Erwachsenen eingesetzt werden. Indikationen f\u00fcr eine Testung sind unter anderem:<\/p>\n\n\n\n<ul><li>Positive Familienanamnese.<\/li><li>Spezifische Symptome:<br>Entwicklungsverz\u00f6gerung, Muskelschw\u00e4che, schnelle Erm\u00fcdung, Hepatomegalie, Neuropathie, Kardiomyopathie, wiederkehrendes Fieber, komplizierte Infektionen und vermehrte Komplikationen nach Impfungen.<\/li><\/ul>\n<\/div>\n<\/div>\n<\/div>\n<\/div>\n\n\n\n<div class=\"wp-block-columns mid-page mid-page-pink d-none\">\n<div class=\"wp-block-column container\">\n<h3 class=\"has-text-align-center has-text-color\" id=\"personalisierte-medizin\" style=\"color:#7b67ab\">Personalisierte Medizin<\/h3>\n\n\n\n<div class=\"wp-block-columns purple-plus\">\n<div class=\"wp-block-column\">\n<i class=\"fas fa-plus\"><\/i>\n\n\n\n<p><strong><strong>14 weitere Krankheiten.<\/strong>&nbsp;<\/strong>Bei Fr\u00fcherkennung stehen personalisierte Behandlungswege f\u00fcr einen verbesserten klinischen Outcome zur Verf\u00fcgung.<\/p>\n<\/div>\n\n\n\n<div class=\"wp-block-column\">\n<i class=\"fas fa-plus\"><\/i>\n\n\n\n<p>Falsch-positive Screeningresultate k\u00f6nnen zur Beunruhigung der Eltern f\u00fchren. Um dies weitgehend zu vermeiden, wird&nbsp;<strong>sofort eine genetische Best\u00e4tigungsdiagnostik<\/strong>&nbsp;durchgef\u00fchrt.<\/p>\n<\/div>\n\n\n\n<div class=\"wp-block-column\">\n<i class=\"fas fa-plus\"><\/i>\n\n\n\n<p>S\u00e4mtliche zus\u00e4tzliche&nbsp;<strong>genetische Untersuchungen sind kostenfrei<\/strong>&nbsp;im Programm inkludiert.<\/p>\n<\/div>\n<\/div>\n<\/div>\n<\/div>\n","protected":false},"excerpt":{"rendered":"<p>Baby Health Check Neugeborene und Kinder k\u00f6nnen jetzt auf weitere Seltene Erkrankungen untersucht werden. Um Eltern und ihren Kindern Zugang zu komplexer Diagnostik zu erm\u00f6glichen, hat das medizinische Labor&nbsp;ARCHIMEDlife, zusammen mit Kinder\u00e4rztInnen und ExpertInnen, das Baby Health Check Programm entwickelt \u2013 einem Screening der n\u00e4chsten Generation. Ein komplettes diagnostisches Neugeborenen-Programm: Erh\u00e4ltlich als Erg\u00e4nzung zum staatlichen<\/p>\n","protected":false},"author":1,"featured_media":0,"parent":0,"menu_order":1,"comment_status":"closed","ping_status":"closed","template":"page.php","meta":[],"acf":[],"uagb_featured_image_src":{"full":false,"thumbnail":false,"medium":false,"medium_large":false,"large":false,"1536x1536":false,"2048x2048":false},"uagb_author_info":{"display_name":"admin","author_link":"https:\/\/www.babyhealthcheck.com\/de\/author\/admin\/"},"uagb_comment_info":0,"uagb_excerpt":"Baby Health Check Neugeborene und Kinder k\u00f6nnen jetzt auf weitere Seltene Erkrankungen untersucht werden. Um Eltern und ihren Kindern Zugang zu komplexer Diagnostik zu erm\u00f6glichen, hat das medizinische Labor&nbsp;ARCHIMEDlife, zusammen mit Kinder\u00e4rztInnen und ExpertInnen, das Baby Health Check Programm entwickelt \u2013 einem Screening der n\u00e4chsten Generation. Ein komplettes diagnostisches Neugeborenen-Programm: Erh\u00e4ltlich als Erg\u00e4nzung zum staatlichen","_links":{"self":[{"href":"https:\/\/www.babyhealthcheck.com\/de\/wp-json\/wp\/v2\/pages\/7164"}],"collection":[{"href":"https:\/\/www.babyhealthcheck.com\/de\/wp-json\/wp\/v2\/pages"}],"about":[{"href":"https:\/\/www.babyhealthcheck.com\/de\/wp-json\/wp\/v2\/types\/page"}],"author":[{"embeddable":true,"href":"https:\/\/www.babyhealthcheck.com\/de\/wp-json\/wp\/v2\/users\/1"}],"replies":[{"embeddable":true,"href":"https:\/\/www.babyhealthcheck.com\/de\/wp-json\/wp\/v2\/comments?post=7164"}],"version-history":[{"count":9,"href":"https:\/\/www.babyhealthcheck.com\/de\/wp-json\/wp\/v2\/pages\/7164\/revisions"}],"predecessor-version":[{"id":7397,"href":"https:\/\/www.babyhealthcheck.com\/de\/wp-json\/wp\/v2\/pages\/7164\/revisions\/7397"}],"wp:attachment":[{"href":"https:\/\/www.babyhealthcheck.com\/de\/wp-json\/wp\/v2\/media?parent=7164"}],"curies":[{"name":"wp","href":"https:\/\/api.w.org\/{rel}","templated":true}]}}