{"id":6451,"date":"2021-12-14T11:46:11","date_gmt":"2021-12-14T11:46:11","guid":{"rendered":"https:\/\/www.babyhealthcheck.com\/?page_id=6451"},"modified":"2022-02-22T09:42:16","modified_gmt":"2022-02-22T09:42:16","slug":"bestellung","status":"publish","type":"page","link":"https:\/\/www.babyhealthcheck.com\/de\/bestellung\/","title":{"rendered":"Bestellung BHC"},"content":{"rendered":"\n<div class=\"wp-block-uagb-tabs uagb-block-931346d6 uagb-tabs__wrap uagb-tabs__hstyle1-desktop uagb-tabs__vstyle6-tablet uagb-tabs__vstyle6-mobile order-tabs\" data-tab-active=\"0\"><ul class=\"uagb-tabs__panel uagb-tabs__align-left\"><li class=\"uagb-tab uagb-tabs__active\"><a href=\"#uagb-tabs__tab0\" class=\"uagb-tabs-list uagb-tabs__icon-position-left\" data-tab=\"0\"><span>Erstebestellung<\/span><\/a><\/li><li class=\"uagb-tab \"><a href=\"#uagb-tabs__tab1\" class=\"uagb-tabs-list uagb-tabs__icon-position-left\" data-tab=\"1\"><span>Folgebestellung<\/span><\/a><\/li><\/ul><div class=\"uagb-tabs__body-wrap\">\n<div class=\"wp-block-uagb-tabs-child uagb-tabs__body-container uagb-tabs__inner-tab uagb-inner-tab-0\"><div class=\"uagb-blocks__e44d32fb uagb-tabs__body\" aria-labelledby=\"uagb-tabs__tab0\">\n<div class=\"wp-container-1 wp-block-group bestellung-success\"><div class=\"wp-block-group__inner-container\">\n<h2 id=\"vielen-dank\">Vielen Dank!<\/h2>\n\n\n\n<p>Wir haben Ihre Bestellung erhalten.<\/p>\n<\/div><\/div>\n\n\n\n<div class=\"wp-container-2 wp-block-group bestellung-header\"><div class=\"wp-block-group__inner-container\">\n<h2 class=\"has-text-align-center pb-3\" id=\"bestellformular\">Bestellformular<\/h2>\n\n\n\n<p class=\"has-text-align-center pb-2\">Hier k\u00f6nnen Sie den Baby Health Check Blutabnahme-Kit (Trockenblutkarte) bestellen.<\/p>\n\n\n\n<p class=\"has-text-align-center pb-2\">Bei Fragen kontaktieren Sie uns gerne per E-Mail:&nbsp;<a href=\"mailto:info@archimedlife.com\">info@archimedlife.com<\/a>.<\/p>\n\n\n\n<p class=\"has-text-align-center pb-2\">Die Bestellung kann ausschlie\u00dflich \u00fcber die\/den \u00c4rztIn erfolgen.<\/p>\n\n\n\n<p class=\"has-text-align-center pb-2\"><em>Sie sind Eltern? Bitte wenden Sie sich f\u00fcr die Teilnahme am Baby Health Check Programm an Ihre(n) \u00c4rztIn.<\/em><\/p>\n\n\n\n<div class=\"wp-block-contact-form-7-contact-form-selector\"><div role=\"form\" class=\"wpcf7\" id=\"wpcf7-f7007-o1\" lang=\"de-DE\" dir=\"ltr\">\n<div class=\"screen-reader-response\"><p role=\"status\" aria-live=\"polite\" aria-atomic=\"true\"><\/p> <ul><\/ul><\/div>\n<form action=\"\/de\/wp-json\/wp\/v2\/pages\/6451#wpcf7-f7007-o1\" method=\"post\" class=\"wpcf7-form init\" novalidate=\"novalidate\" data-status=\"init\">\n<div style=\"display: none;\">\n<input type=\"hidden\" name=\"_wpcf7\" value=\"7007\" \/>\n<input type=\"hidden\" name=\"_wpcf7_version\" value=\"5.5.4\" \/>\n<input type=\"hidden\" name=\"_wpcf7_locale\" value=\"de_DE\" \/>\n<input type=\"hidden\" name=\"_wpcf7_unit_tag\" value=\"wpcf7-f7007-o1\" \/>\n<input type=\"hidden\" name=\"_wpcf7_container_post\" value=\"0\" \/>\n<input type=\"hidden\" name=\"_wpcf7_posted_data_hash\" value=\"\" \/>\n<input type=\"hidden\" name=\"_wpcf7_recaptcha_response\" value=\"\" \/>\n<\/div>\n<p><span id=\"wpcf7-69d2b7cfca220-wrapper\" class=\"wpcf7-form-control-wrap honeypot-191-wrap\" style=\"display:none !important; visibility:hidden !important;\"><label for=\"wpcf7-69d2b7cfca220-field\" class=\"hp-message\">Bitte lasse dieses Feld leer.<\/label><input id=\"wpcf7-69d2b7cfca220-field\"  class=\"wpcf7-form-control wpcf7-text\" type=\"text\" name=\"honeypot-191\" value=\"\" size=\"40\" tabindex=\"-1\" autocomplete=\"new-password\" \/><\/span>\n<div class=\"row mb-3\">\n<div class=\"col-md-12\">\nMenge<br \/>\n<span class=\"wpcf7-form-control-wrap kit-number\"><input type=\"number\" name=\"kit-number\" value=\"1\" class=\"wpcf7-form-control wpcf7-number wpcf7-validates-as-required wpcf7-validates-as-number form-control\" aria-required=\"true\" aria-invalid=\"false\" \/><\/span>\n<\/div>\n<\/div>\n<div class=\"row mb-3\">\n<div class=\"col-md-12 col-lg-6\">\nAnrede*<br \/>\n<span class=\"wpcf7-form-control-wrap anrede\"><select name=\"anrede\" class=\"wpcf7-form-control wpcf7-select wpcf7-validates-as-required form-control\" aria-required=\"true\" aria-invalid=\"false\"><option value=\"\"><\/option><option value=\"Frau\">Frau<\/option><option value=\"Herr\">Herr<\/option><\/select><\/span>\n<\/div>\n<div class=\"col-md-12 col-lg-6\">\nTitel*<br \/>\n<span class=\"wpcf7-form-control-wrap titel\"><select name=\"titel\" class=\"wpcf7-form-control wpcf7-select wpcf7-validates-as-required form-control\" aria-required=\"true\" aria-invalid=\"false\"><option value=\"\"><\/option><option value=\"Dr.\">Dr.<\/option><option value=\"Prof.\">Prof.<\/option><\/select><\/span>\n<\/div>\n<\/div>\n<div class=\"row mb-3\">\n<div class=\"col-md-12 col-lg-6\">\nVorname*<br \/>\n<span class=\"wpcf7-form-control-wrap vorname\"><input type=\"text\" name=\"vorname\" value=\"\" size=\"40\" class=\"wpcf7-form-control wpcf7-text wpcf7-validates-as-required form-control\" aria-required=\"true\" aria-invalid=\"false\" \/><\/span>\n<\/div>\n<div class=\"col-md-12 col-lg-6\">\nNachname*<br \/>\n<span class=\"wpcf7-form-control-wrap nachname\"><input type=\"text\" name=\"nachname\" value=\"\" size=\"40\" class=\"wpcf7-form-control wpcf7-text wpcf7-validates-as-required form-control\" aria-required=\"true\" aria-invalid=\"false\" \/><\/span>\n<\/div>\n<\/div>\n<div class=\"row mb-3\">\n<div class=\"col-md-12 col-lg-4\">\nPraxis\/Institution*<br \/>\n<span class=\"wpcf7-form-control-wrap praxis\"><input type=\"text\" name=\"praxis\" value=\"\" size=\"40\" class=\"wpcf7-form-control wpcf7-text wpcf7-validates-as-required form-control\" aria-required=\"true\" aria-invalid=\"false\" \/><\/span>\n<\/div>\n<div class=\"col-md-12 col-lg-4\">\nE-Mail*<br \/>\n<span class=\"wpcf7-form-control-wrap your-email\"><input type=\"email\" name=\"your-email\" value=\"\" size=\"40\" class=\"wpcf7-form-control wpcf7-text wpcf7-email wpcf7-validates-as-required wpcf7-validates-as-email form-control\" aria-required=\"true\" aria-invalid=\"false\" \/><\/span>\n<\/div>\n<div class=\"col-md-12 col-lg-4\">\nTelefon*<br \/>\n<span class=\"wpcf7-form-control-wrap nummer\"><input type=\"text\" name=\"nummer\" value=\"\" size=\"40\" class=\"wpcf7-form-control wpcf7-text wpcf7-validates-as-required form-control\" aria-required=\"true\" aria-invalid=\"false\" \/><\/span>\n<\/div>\n<\/div>\n<div class=\"row mb-3\">\n<div class=\"col-md-12 col-lg-4\">\nStrasse*<br \/>\n<span class=\"wpcf7-form-control-wrap strasse\"><input type=\"text\" name=\"strasse\" value=\"\" size=\"40\" class=\"wpcf7-form-control wpcf7-text wpcf7-validates-as-required form-control\" aria-required=\"true\" aria-invalid=\"false\" \/><\/span>\n<\/div>\n<div class=\"col-md-12 col-lg-4\">\nPLZ*<br \/>\n<span class=\"wpcf7-form-control-wrap plz\"><input type=\"text\" name=\"plz\" value=\"\" size=\"40\" class=\"wpcf7-form-control wpcf7-text wpcf7-validates-as-required form-control\" aria-required=\"true\" aria-invalid=\"false\" \/><\/span>\n<\/div>\n<div class=\"col-md-12 col-lg-4\">\nOrt*<br \/>\n<span class=\"wpcf7-form-control-wrap ort\"><input type=\"text\" name=\"ort\" value=\"\" size=\"40\" class=\"wpcf7-form-control wpcf7-text wpcf7-validates-as-required form-control\" aria-required=\"true\" aria-invalid=\"false\" \/><\/span>\n<\/div>\n<\/div>\n<div class=\"row mb-3\">\n<div class=\"col-md-12\">\nLand<br \/>\n<span class=\"wpcf7-form-control-wrap land\"><select name=\"land\" class=\"wpcf7-form-control wpcf7-select wpcf7-validates-as-required form-control\" aria-required=\"true\" aria-invalid=\"false\"><option value=\"\u00d6sterreich\">\u00d6sterreich<\/option><option value=\"Deutschland\">Deutschland<\/option><option value=\"Schweiz\">Schweiz<\/option><\/select><\/span>\n<\/div>\n<\/div>\n<div class=\"row mb-3\">\n<div class=\"col-md-12\">\n<span class=\"wpcf7-form-control-wrap agb\"><span class=\"wpcf7-form-control wpcf7-checkbox wpcf7-validates-as-required\"><span class=\"wpcf7-list-item first last\"><input type=\"checkbox\" name=\"agb[]\" value=\"* Ich bin Arzt\/ \u00c4rztin und willige zur Kontaktaufnahme bez\u00fcglich dem Baby Health Check Programm sowie den Allgemeinen Gesch\u00e4ftsbedingungen der ARCHIMEDlife GmbH (&#039;ARCHIMEDlife&#039;) ein.\" \/><span class=\"wpcf7-list-item-label\">* Ich bin Arzt\/ \u00c4rztin und willige zur Kontaktaufnahme bez\u00fcglich dem Baby Health Check Programm sowie den Allgemeinen Gesch\u00e4ftsbedingungen der ARCHIMEDlife GmbH (&#039;ARCHIMEDlife&#039;) ein.<\/span><\/span><\/span><\/span>\n<\/div>\n<\/div>\n<div class=\"row mb-3\">\n<div class=\"col-md-12\">\n<input type=\"submit\" value=\"Kostenfrei Bestellen\" class=\"wpcf7-form-control has-spinner wpcf7-submit form-control\" \/>\n<\/div>\n<\/div>\n<p>* Pflichtfeld<\/p>\n<div class=\"wpcf7-response-output\" aria-hidden=\"true\"><\/div><\/form><\/div><\/div>\n<\/div><\/div>\n\n\n\n<div class=\"wp-block-columns pt-70\">\n<div class=\"wp-block-column\">\n<p class=\"ablauf-title\"><strong>Ablauf nach Bestellung:<\/strong><\/p>\n\n\n\n<div class=\"wp-block-columns ablauf-row\">\n<div class=\"wp-block-column\">\n<div class=\"wp-container-3 wp-block-group\"><div class=\"wp-block-group__inner-container\">\n<i class=\"fa fa-tint\"><\/i>\n\n\n\n<h5 class=\"has-text-align-center\" id=\"blutabnahme-mittelstrockenblutkarte\"><mark style=\"background-color:rgba(0, 0, 0, 0);color:#7b67ab\" class=\"has-inline-color\"><strong>Blutabnahme mittels<\/strong><br><strong>Trockenblutkarte<\/strong><\/mark><\/h5>\n\n\n\n<p class=\"has-text-align-center\">Nach Erhalt des Blutabnahme-Kits verwenden Sie bitte die zugesandte Trockenblutkarte zur Blutabnahme. Eine Anleitung sowie ausf\u00fchrliche Informationen zum Probenversand liegen bei.<\/p>\n<\/div><\/div>\n<\/div>\n\n\n\n<div class=\"wp-block-column\">\n<div class=\"wp-container-4 wp-block-group\"><div class=\"wp-block-group__inner-container\">\n<i class=\"fa fa-desktop\"><\/i>\n\n\n\n<h5 class=\"has-text-align-center\" id=\"registrierung-der-trockenblutkarte\"><strong>Registrierung der Trockenblutkarte<\/strong><\/h5>\n\n\n\n<p class=\"has-text-align-center\">Vor dem Versand ist eine Registrierung der Trockenblutkarte im Webportal f\u00fcr \u00c4rztInnen erforderlich.<\/p>\n\n\n\n<p class=\"has-text-align-center\">Eine Anmeldung f\u00fcr \u00c4rztInnen erfolgt unter: <a href=\"https:\/\/webportal.archimedlife.com\/\">webportal.archimedlife.com<\/a><\/p>\n<\/div><\/div>\n<\/div>\n\n\n\n<div class=\"wp-block-column\">\n<div class=\"wp-container-5 wp-block-group\"><div class=\"wp-block-group__inner-container\">\n<i class=\"fa fa-envelope\"><\/i>\n\n\n\n<h5 class=\"has-text-align-center\" id=\"versand-an-dasmedizinische-labor\"><strong>Versand an das<\/strong><br><strong>Medizinische Labor<\/strong><\/h5>\n\n\n\n<p class=\"has-text-align-center\">Bitte versenden Sie nun die abgenommene Trockenblutkarte im beiliegenden R\u00fccksendekuvert. Dieses ist bereits adressiert und vorfrankiert.<\/p>\n\n\n\n<p class=\"has-text-align-center\">Den Status der eingesendeten Probe kann jederzeit im Webportal verfolgt werden.<\/p>\n<\/div><\/div>\n<\/div>\n\n\n\n<div class=\"wp-block-column\">\n<div class=\"wp-container-6 wp-block-group\"><div class=\"wp-block-group__inner-container\">\n<i class=\"fa fa-download\"><\/i>\n\n\n\n<h5 class=\"has-text-align-center\" id=\"erhalt-des-medizinischen-befundes\"><strong>Erhalt des Medizinischen Befundes<\/strong><\/h5>\n\n\n\n<p class=\"has-text-align-center\">Innerhalb von 7-10 Werktagen steht Ihr Medizinischer Befund jederzeit als PDF zum Download im Webportal bereit.<\/p>\n<\/div><\/div>\n<\/div>\n<\/div>\n<\/div>\n<\/div>\n<\/div><\/div>\n\n\n\n<div class=\"wp-block-uagb-tabs-child uagb-tabs__body-container uagb-tabs__inner-tab uagb-inner-tab-1\"><div class=\"uagb-blocks__68729d79 uagb-tabs__body\" aria-labelledby=\"uagb-tabs__tab1\">\n<div class=\"wp-block-columns reorder-column\">\n<div class=\"wp-block-column\">\n<p>Das WEBPORTAL ist ein speziell f\u00fcr \u00c4rztInnen angelegtes Online-Tool und steht Ihnen f\u00fcr die Befundabrufung, Folgebestellungen, sowie mit weiteren wichtigen Informationen und News zur Verf\u00fcgung.<\/p>\n\n\n\n<p>\u00c4rztInnen k\u00f6nnen jetzt schnell und einfach Ihre Folgebestellungen sowie weitere Testbestellungen \u00fcber das WEBPORTAL t\u00e4tigen.<\/p>\n\n\n\n<div class=\"wp-container-7 wp-block-buttons\">\n<div class=\"wp-block-button has-custom-font-size pt-3 has-normal-font-size\"><a class=\"wp-block-button__link has-background no-border-radius\" href=\"https:\/\/webportal.archimedlife.com\" style=\"background-color:#7b67ab\" target=\"_blank\" rel=\"noreferrer noopener\">Hier geht&#8217;s zum WEBPORTAL<\/a><\/div>\n<\/div>\n<\/div>\n<\/div>\n<\/div><\/div>\n<\/div><\/div>\n","protected":false},"excerpt":{"rendered":"","protected":false},"author":1,"featured_media":5330,"parent":0,"menu_order":4,"comment_status":"closed","ping_status":"closed","template":"","meta":[],"acf":[],"uagb_featured_image_src":{"full":false,"thumbnail":false,"medium":false,"medium_large":false,"large":false,"1536x1536":false,"2048x2048":false},"uagb_author_info":{"display_name":"admin","author_link":"https:\/\/www.babyhealthcheck.com\/de\/author\/admin\/"},"uagb_comment_info":0,"uagb_excerpt":null,"_links":{"self":[{"href":"https:\/\/www.babyhealthcheck.com\/de\/wp-json\/wp\/v2\/pages\/6451"}],"collection":[{"href":"https:\/\/www.babyhealthcheck.com\/de\/wp-json\/wp\/v2\/pages"}],"about":[{"href":"https:\/\/www.babyhealthcheck.com\/de\/wp-json\/wp\/v2\/types\/page"}],"author":[{"embeddable":true,"href":"https:\/\/www.babyhealthcheck.com\/de\/wp-json\/wp\/v2\/users\/1"}],"replies":[{"embeddable":true,"href":"https:\/\/www.babyhealthcheck.com\/de\/wp-json\/wp\/v2\/comments?post=6451"}],"version-history":[{"count":2,"href":"https:\/\/www.babyhealthcheck.com\/de\/wp-json\/wp\/v2\/pages\/6451\/revisions"}],"predecessor-version":[{"id":7361,"href":"https:\/\/www.babyhealthcheck.com\/de\/wp-json\/wp\/v2\/pages\/6451\/revisions\/7361"}],"wp:featuredmedia":[{"embeddable":true,"href":"https:\/\/www.babyhealthcheck.com\/de\/wp-json\/"}],"wp:attachment":[{"href":"https:\/\/www.babyhealthcheck.com\/de\/wp-json\/wp\/v2\/media?parent=6451"}],"curies":[{"name":"wp","href":"https:\/\/api.w.org\/{rel}","templated":true}]}}