{"id":6246,"date":"2021-12-03T09:16:46","date_gmt":"2021-12-03T08:16:46","guid":{"rendered":"https:\/\/www.babyhealthcheck.com\/?page_id=6246"},"modified":"2022-01-26T15:25:13","modified_gmt":"2022-01-26T15:25:13","slug":"support","status":"publish","type":"page","link":"https:\/\/www.babyhealthcheck.com\/de\/support\/","title":{"rendered":"Support f\u00fcr \u00c4rztInnen"},"content":{"rendered":"\n<div class=\"wp-block-uagb-tabs uagb-block-ff58b25c uagb-tabs__wrap uagb-tabs__hstyle1-desktop uagb-tabs__vstyle6-tablet uagb-tabs__vstyle6-mobile support-tabs\" data-tab-active=\"0\"><ul class=\"uagb-tabs__panel uagb-tabs__align-left\"><li class=\"uagb-tab uagb-tabs__active\"><a href=\"#uagb-tabs__tab0\" class=\"uagb-tabs-list uagb-tabs__icon-position-left\" data-tab=\"0\"><span>WEBPORTAL<\/span><\/a><\/li><li class=\"uagb-tab \"><a href=\"#uagb-tabs__tab1\" class=\"uagb-tabs-list uagb-tabs__icon-position-left\" data-tab=\"1\"><span>FAQ<\/span><\/a><\/li><li class=\"uagb-tab \"><a href=\"#uagb-tabs__tab2\" class=\"uagb-tabs-list uagb-tabs__icon-position-left\" data-tab=\"2\"><span>Kontakt<\/span><\/a><\/li><\/ul><div class=\"uagb-tabs__body-wrap\">\n<div class=\"wp-block-uagb-tabs-child uagb-tabs__body-container uagb-tabs__inner-tab uagb-inner-tab-0\"><div class=\"uagb-blocks__3924660c uagb-tabs__body\" aria-labelledby=\"uagb-tabs__tab0\">\n<h2 class=\"has-text-align-center my-5\" style=\"font-size:30px\">Lernen Sie unser Webportal kennen<\/h2>\n\n\n\n<p class=\"mb-3\">Das ARCHIMEDlife Webportal ist ein speziell und ausschlie\u00dflich f\u00fcr \u00c4rztInnen angelegtes Online-Tool und steht Ihnen f\u00fcr die Befundabrufung, Folgebestellungen, sowie mit weiteren wichtigen Informationen zur Verf\u00fcgung. Die kostenfreie&nbsp;<a href=\"https:\/\/webportal.archimedlife.com\/login?returnUrl=%2F\">Registrierung<\/a>&nbsp;und der Zugang kann jederzeit online erfolgen.<\/p>\n\n\n\n<p class=\"mb-3\">Durch eine Anmeldung im Webportal haben Sie als \u00c4rztIn folgende Vorteile:<\/p>\n\n\n\n<ul class=\"webportal-list mb-5\"><li>Einfache&nbsp;<strong>Verwaltung<\/strong>&nbsp;Ihrer Patienten anhand zuordenbarer Trockenblutkarten-ID<\/li><li><strong>Nachverfolgung<\/strong>&nbsp;der Probe \u2013 vom Eintreffen im Labor bis zum Status der Untersuchung<\/li><li><strong>Folgebestellung<\/strong>&nbsp;von Baby Health Check sowie weiteren diagnostischen Tests in nur wenigen Clicks<\/li><li><strong>PDF-Download<\/strong>&nbsp;der Befundergebnisse&nbsp; \u2013 einfache&nbsp;<strong>Besprechung<\/strong>&nbsp;mit den Eltern<\/li><li><strong>Zugang<\/strong>&nbsp;zu neuen Publikationen, News zum Thema Neugeborenen-Screening und weiteren wichtigen Informationen<\/li><\/ul>\n\n\n\n<p class=\"mb-3\">Registrieren Sie sich jetzt kostenfrei im&nbsp;<a href=\"https:\/\/webportal.archimedlife.com\/login?returnUrl=\/\">Webportal<\/a>. Wir freuen uns auf Sie!<\/p>\n\n\n\n<p><em>Sie sind E<\/em><em>l<\/em><em>tern? Bitte wenden Sie sich f\u00fcr die Teilnahme am Baby Health Check Programm an Ihre(n) \u00c4rztIn.&nbsp;&nbsp;<\/em><\/p>\n<\/div><\/div>\n\n\n\n<div class=\"wp-block-uagb-tabs-child uagb-tabs__body-container uagb-tabs__inner-tab uagb-inner-tab-1\"><div class=\"uagb-blocks__6ae806c7 uagb-tabs__body\" aria-labelledby=\"uagb-tabs__tab1\">\n<h2 class=\"has-text-align-center my-5\" style=\"font-size:30px\">F.A.Q.<\/h2>\n\n\n\n<p class=\"has-text-align-center mb-5\">Finden Sie hier die Antworten auf die wichtigsten Fragen rund um Baby Health Check. <br>Bei weiteren Fragen stehen wir Ihnen gerne pers\u00f6nlich zur Verf\u00fcgung.<\/p>\n\n\n\n<div class=\"accordion accordion-flush\" id=\"faq-list\">\n    <div class=\"accordion-item\">\n        <h2 class=\"accordion-header\" id=\"flush-headingOne\">\n            <button class=\"accordion-button collapsed\" type=\"button\" data-bs-toggle=\"collapse\" data-bs-target=\"#flush-collapseOne\">\n                Bei wem wird Baby Health Check durchgef\u00fchrt?\n            <\/button>\n        <\/h2>\n        <div id=\"flush-collapseOne\" class=\"accordion-collapse collapse\" aria-labelledby=\"flush-headingOne\" data-bs-parent=\"#faq-list\">\n            <div class=\"accordion-body\">Die Zielgruppe des Baby Health Checks sind alle Neugeborenen. Jedoch sollte Baby\n                Health Check auch bei gesunden Kindern als Screening-Untersuchung, im Falle einer positiven\n                Familienanamnese und bei symptomatischen Kindern mit Verdachtsdiagnose durchgef\u00fchrt werden. Nur wo\n                gescreent wird, k\u00f6nnen Seltene Erkrankungen entdeckt und fr\u00fchzeitig therapiert werden.<\/div>\n        <\/div>\n    <\/div>\n    <div class=\"accordion-item\">\n        <h2 class=\"accordion-header\" id=\"flush-headingTwo\">\n            <button class=\"accordion-button collapsed\" type=\"button\" data-bs-toggle=\"collapse\" data-bs-target=\"#flush-collapseTwo\">\n                Wie und wann erfolgt das Neugeborenen-Screening?\n            <\/button>\n        <\/h2>\n        <div id=\"flush-collapseTwo\" class=\"accordion-collapse collapse\" aria-labelledby=\"flush-headingTwo\" data-bs-parent=\"#faq-list\">\n            <div class=\"accordion-body\">Durch einen kleinen Stich in der Ferse oder durch eine ven\u00f6se Blutabnahme werden\n                einige Blutstropfen gewonnen und auf eine Filterpapierkarte aufgebracht. Diese Karte wird dann an das\n                Medizinische Labor ARCHIMEDlife in Wien geschickt. Dort wird die Blutprobe auf bestimmte Eiwei\u00dfstoffe\n                und Stoffwechselprodukte untersucht.\n\n                Die Blutabnahme sollte zwischen der 36. Und der 72. Stunde nach der Geburt erfolgen. Sollten die Eltern\n                das Spital davor verlassen, wird die Blutabnahme fr\u00fcher vorgenommen und die Empfehlung ausgesprochen,\n                eine Kontrolluntersuchung innerhalb der angeratenen Zeitspanne bei Kinder\u00e4rztIn oder Haus\u00e4rztIn\n                durchf\u00fchren zu lassen. Sollte die Entbindung zu Hause erfolgen, \u00fcbernimmt die Hebamme die Blutabnahme\n                und die Einsendung der Karte. Bei symptomatischen Kindern oder auch in speziellen Situationen wie z.B.\n                vor Bluttransfusion u.\u00e4. sollte fr\u00fcher untersucht werden.<\/div>\n        <\/div>\n    <\/div>\n    <div class=\"accordion-item\">\n        <h2 class=\"accordion-header\" id=\"flush-headingThree\">\n            <button class=\"accordion-button collapsed\" type=\"button\" data-bs-toggle=\"collapse\" data-bs-target=\"#flush-collapseThree\">\n                Welche Krankheiten werden zus\u00e4tzlich zum deutschen Neugeborenen-Screening Programm analysiert?\n            <\/button>\n        <\/h2>\n        <div id=\"flush-collapseThree\" class=\"accordion-collapse collapse\" aria-labelledby=\"flush-headingThree\" data-bs-parent=\"#faq-list\">\n            <div class=\"accordion-body\">Die Liste der Zielkrankheiten finden Sie <a href=\"https:\/\/www.babyhealthcheck.com\/de\/zielkrankheiten\">hier<\/a>. Das BHC Programm hat den Vorteil,\n                dass das Screening-Panel nach Bedarf rasch adaptiert wird. Wir haben es uns zur Aufgabe gemacht, das\n                BHC-Screening bei neuen, erfolgsversprechenden Therapien um weitere Seltene Erkrankungen zu erg\u00e4nzen.\n            <\/div>\n        <\/div>\n    <\/div>\n    <div class=\"accordion-item\">\n        <h2 class=\"accordion-header\" id=\"flush-headingFour\">\n            <button class=\"accordion-button collapsed\" type=\"button\" data-bs-toggle=\"collapse\" data-bs-target=\"#flush-collapseFour\">\n                Wer nimmt die Blutprobe ab?\n            <\/button>\n        <\/h2>\n        <div id=\"flush-collapseFour\" class=\"accordion-collapse collapse\" aria-labelledby=\"flush-headingFour\" data-bs-parent=\"#faq-list\">\n            <div class=\"accordion-body\">Es gibt mehrere Anlaufstellen, an denen das Baby Health Check Programm\n                durchgef\u00fchrt werden kann. Zum einen kann die Blutabnahme in Geburtskliniken oder bei P\u00e4diatern erfolgen,\n                zum anderen von einer Hebamme bei Hausgeburten oder vorzeitiger Entlassung, sowie einer Pflegefachkraft\n                im Neugeborenenzimmer. Auch kann der Arzt, der die Mutter-Kind-Vorsorge-Untersuchungen macht, die\n                Blutprobe abnehmen und einsenden.<\/div>\n        <\/div>\n    <\/div>\n    <div class=\"accordion-item\">\n        <h2 class=\"accordion-header\" id=\"flush-headingFive\">\n            <button class=\"accordion-button collapsed\" type=\"button\" data-bs-toggle=\"collapse\" data-bs-target=\"#flush-collapseFive\">\n                Wie erfahren Eltern den Status der Untersuchung und das Ergebnis?\n            <\/button>\n        <\/h2>\n        <div id=\"flush-collapseFive\" class=\"accordion-collapse collapse\" aria-labelledby=\"flush-headingFive\" data-bs-parent=\"#faq-list\">\n            <div class=\"accordion-body\">Der Status der Probe, vom Eintreffen im Labor bis hin zum Testergebnis, kann nur\n                von der\/dem \u00c4rztIn \u00fcber das ARCHIMEDlife Webportal eingesehen werden. Sobald die\/der \u00c4rztIn den\n                medizinischen Untersuchungsbefund erhalten hat, setzt sie\/er sich mit den Eltern in Kontakt um das\n                Befundergebnis zu besprechen. Eine Verst\u00e4ndigung des Testergebnisses erfolgt in jedem Fall nach 7-10\n                Tagen.<\/div>\n        <\/div>\n    <\/div>\n    <div class=\"accordion-item\">\n        <h2 class=\"accordion-header\" id=\"flush-headingSix\">\n            <button class=\"accordion-button collapsed\" type=\"button\" data-bs-toggle=\"collapse\" data-bs-target=\"#flush-collapseSix\">\n                Was passiert beim Vorliegen einer Erkrankung?\n            <\/button>\n        <\/h2>\n        <div id=\"flush-collapseSix\" class=\"accordion-collapse collapse\" aria-labelledby=\"flush-headingSix\" data-bs-parent=\"#faq-list\">\n            <div class=\"accordion-body\">Best\u00e4tigt sich die Diagnose, wird unverz\u00fcglich mit einer Therapie begonnen.\n                Abh\u00e4ngig von der Erkrankung kann diese an Spezialabteilungen, wie z.B. Stoffwechselzentren, aber auch an\n                vielen Kinderspit\u00e4lern oder bei Kinder\u00e4rztInnen erfolgen.<\/div>\n        <\/div>\n    <\/div>\n    <div class=\"accordion-item\">\n        <h2 class=\"accordion-header\" id=\"flush-headingSeven\">\n            <button class=\"accordion-button collapsed\" type=\"button\" data-bs-toggle=\"collapse\" data-bs-target=\"#flush-collapseSeven\">\n                K\u00f6nnen diese Erkrankungen geheilt werden?\n            <\/button>\n        <\/h2>\n        <div id=\"flush-collapseSeven\" class=\"accordion-collapse collapse\" aria-labelledby=\"flush-headingSeven\" data-bs-parent=\"#faq-list\">\n            <div class=\"accordion-body\">Angeborene Stoffwechselerkrankungen sind zwar nicht heilbar, jedoch k\u00f6nnen in\n                den meisten F\u00e4llen durch eine fr\u00fchzeitige Behandlung Sp\u00e4tfolgen vermieden oder deutlich gemildert\n                werden.<\/div>\n        <\/div>\n    <\/div>\n    <div class=\"accordion-item\">\n        <h2 class=\"accordion-header\" id=\"flush-headingEight\">\n            <button class=\"accordion-button collapsed\" type=\"button\" data-bs-toggle=\"collapse\" data-bs-target=\"#flush-collapseEight\">\n                Wie h\u00e4ufig gibt es falsch-positive Ergebnisse?\n            <\/button>\n        <\/h2>\n        <div id=\"flush-collapseEight\" class=\"accordion-collapse collapse\" aria-labelledby=\"flush-headingEight\" data-bs-parent=\"#faq-list\">\n            <div class=\"accordion-body\">Eine Besonderheit des BHC-NBS Screenings ist, dass wir zus\u00e4tzlich aus derselben\n                Blutprobe die Konfirmationsdiagnostik durchf\u00fchren. Somit kann die \u00dcbermittlung falsch-positiver\n                Ergebnisse vermieden, und die Zeitspanne von Abnahme bis m\u00f6glicher Diagnose drastisch verk\u00fcrzt werden.\n                Auch wiederholte Blutabnahmen f\u00fcr Recall und zus\u00e4tzlich Untersuchungen sind nicht n\u00f6tig. H\u00f6chste\n                Sensitivit\u00e4t und Spezifit\u00e4t zu erreichen steht f\u00fcr uns an erster Stelle.<\/div>\n        <\/div>\n    <\/div>\n    <div class=\"accordion-item\">\n        <h2 class=\"accordion-header\" id=\"flush-headingNine\">\n            <button class=\"accordion-button collapsed\" type=\"button\" data-bs-toggle=\"collapse\" data-bs-target=\"#flush-collapseNine\">\n                Wie h\u00e4ufig gibt es ein falsch-negatives Ergebnis?\n            <\/button>\n        <\/h2>\n        <div id=\"flush-collapseNine\" class=\"accordion-collapse collapse\" aria-labelledby=\"flush-headingNine\" data-bs-parent=\"#faq-list\">\n            <div class=\"accordion-body\">Das BHC Programm inkludiert labor-diagnostische Testungen der h\u00f6chsten\n                Qualit\u00e4tsg\u00fcte und sind streng \u00fcberwacht. Generell liegt es aber in der Natur der angeborenen\n                Stoffwechselerkrankungen, dass in einer sehr geringen Anzahl an F\u00e4llen (meist unter 0,1%) die\n                Labortestung kein positives Ergebnis liefern kann. Wichtig: Sollte das Kind klinisch auff\u00e4llig sein,\n                dann sind weitere Abkl\u00e4rungen beim Spezialisten durchzuf\u00fchren.<\/div>\n        <\/div>\n    <\/div>\n    <div class=\"accordion-item\">\n        <h2 class=\"accordion-header\" id=\"flush-headingTen\">\n            <button class=\"accordion-button collapsed\" type=\"button\" data-bs-toggle=\"collapse\" data-bs-target=\"#flush-collapseTen\">\n                Schlie\u00dft ein negatives BHC-Screening eine bestimmte Erkrankung mit Sicherheit aus?\n            <\/button>\n        <\/h2>\n        <div id=\"flush-collapseTen\" class=\"accordion-collapse collapse\" aria-labelledby=\"flush-headingTen\" data-bs-parent=\"#faq-list\">\n            <div class=\"accordion-body\">Nein, da es sich um eine Screening-Untersuchung handelt. Ein Kind mit\n                spezifischer Symptomatik und negativem BHC-Screening muss einem Spezialisten zur weiteren Abkl\u00e4rung\n                \u00fcbergeben werden. Bei einem Verdacht auf SMA oder MPS ist die genetische Konfirmationsdiagnostik aus\n                derselben DBS Karte m\u00f6glich und kostenfrei inkludiert.<\/div>\n        <\/div>\n    <\/div>\n    <div class=\"accordion-item\">\n        <h2 class=\"accordion-header\" id=\"flush-headingEleven\">\n            <button class=\"accordion-button collapsed\" type=\"button\" data-bs-toggle=\"collapse\" data-bs-target=\"#flush-collapseEleven\">\n                Bis wann muss die Analyse sp\u00e4testens durchgef\u00fchrt sein?\n            <\/button>\n        <\/h2>\n        <div id=\"flush-collapseEleven\" class=\"accordion-collapse collapse\" aria-labelledby=\"flush-headingEleven\" data-bs-parent=\"#faq-list\">\n            <div class=\"accordion-body\">Idealerweise wird eine Blutprobe im Rahmen von Baby Health Check in den ersten\n                vier Lebenswochen abgenommen. Jedoch k\u00f6nnen viele Testungen auch bei \u00e4lteren Kindern durchgef\u00fchrt\n                werden. Prim\u00e4r asymptomatische Kinder haben das Risiko sp\u00e4ter symptomatisch zu werden.<\/div>\n        <\/div>\n    <\/div>\n    <div class=\"accordion-item\">\n        <h2 class=\"accordion-header\" id=\"flush-headingTwelve\">\n            <button class=\"accordion-button collapsed\" type=\"button\" data-bs-toggle=\"collapse\" data-bs-target=\"#flush-collapseTwelve\">\n                K\u00f6nnen auch \u201e\u00e4ltere\u201c Kinder mit unklarer Symptomatik getestet werden?\n            <\/button>\n        <\/h2>\n        <div id=\"flush-collapseTwelve\" class=\"accordion-collapse collapse\" aria-labelledby=\"flush-headingTwelve\" data-bs-parent=\"#faq-list\">\n            <div class=\"accordion-body\">Ja, ebenso Kinder mit \u201eunspezifischen Symptomen\u201c wie z.B. verz\u00f6gertem\n                Entwicklungsmeilenstein, Gedeihst\u00f6rung, Hepatosplenomegalie oder h\u00e4ufige Infekte sollten untersucht\n                werden. Zu Beginn und milder Symptomatik kann man diese Kinder einfach und rasch \u201edurchchecken\u201c.<\/div>\n        <\/div>\n    <\/div>\n<\/div>\n<\/div><\/div>\n\n\n\n<div class=\"wp-block-uagb-tabs-child uagb-tabs__body-container uagb-tabs__inner-tab uagb-inner-tab-2\"><div class=\"uagb-blocks__a0a03def uagb-tabs__body\" aria-labelledby=\"uagb-tabs__tab2\">\n<h2 class=\"has-text-align-center my-5\">Kontaktieren Sie Uns<\/h2>\n\n\n\n<p class=\"has-text-align-center mb-5\">Wir freuen uns auf Ihre Nachricht!<\/p>\n\n\n\n<div class=\"wp-block-contact-form-7-contact-form-selector\"><div role=\"form\" class=\"wpcf7\" id=\"wpcf7-f7063-o1\" lang=\"de-DE\" dir=\"ltr\">\n<div class=\"screen-reader-response\"><p role=\"status\" aria-live=\"polite\" aria-atomic=\"true\"><\/p> <ul><\/ul><\/div>\n<form action=\"\/de\/wp-json\/wp\/v2\/pages\/6246#wpcf7-f7063-o1\" method=\"post\" class=\"wpcf7-form init\" novalidate=\"novalidate\" data-status=\"init\">\n<div style=\"display: none;\">\n<input type=\"hidden\" name=\"_wpcf7\" value=\"7063\" \/>\n<input type=\"hidden\" name=\"_wpcf7_version\" value=\"5.5.4\" \/>\n<input type=\"hidden\" name=\"_wpcf7_locale\" value=\"de_DE\" \/>\n<input type=\"hidden\" name=\"_wpcf7_unit_tag\" value=\"wpcf7-f7063-o1\" \/>\n<input type=\"hidden\" name=\"_wpcf7_container_post\" value=\"0\" \/>\n<input type=\"hidden\" name=\"_wpcf7_posted_data_hash\" value=\"\" \/>\n<input type=\"hidden\" name=\"_wpcf7_recaptcha_response\" value=\"\" \/>\n<\/div>\n<p><span id=\"wpcf7-69d2cca249a32-wrapper\" class=\"wpcf7-form-control-wrap honeypot-872-wrap\" style=\"display:none !important; visibility:hidden !important;\"><label for=\"wpcf7-69d2cca249a32-field\" class=\"hp-message\">Bitte lasse dieses Feld leer.<\/label><input id=\"wpcf7-69d2cca249a32-field\"  class=\"wpcf7-form-control wpcf7-text\" type=\"text\" name=\"honeypot-872\" value=\"\" size=\"40\" tabindex=\"-1\" autocomplete=\"new-password\" \/><\/span><label style=\"width: 60%\"> Ihre Name (erforderlich)<br \/>\n    <span class=\"wpcf7-form-control-wrap your-name\"><input type=\"text\" name=\"your-name\" value=\"\" size=\"40\" class=\"wpcf7-form-control wpcf7-text wpcf7-validates-as-required form-control\" aria-required=\"true\" aria-invalid=\"false\" \/><\/span> <\/label><\/p>\n<p><label style=\"width: 60%\"> E-Mail (erforderlich)<br \/>\n    <span class=\"wpcf7-form-control-wrap your-email\"><input type=\"email\" name=\"your-email\" value=\"\" size=\"40\" class=\"wpcf7-form-control wpcf7-text wpcf7-email wpcf7-validates-as-required wpcf7-validates-as-email form-control\" aria-required=\"true\" aria-invalid=\"false\" \/><\/span> <\/label><\/p>\n<p><label  style=\"width: 60%\"> Betreff<br \/>\n    <span class=\"wpcf7-form-control-wrap your-subject\"><input type=\"text\" name=\"your-subject\" value=\"\" size=\"40\" class=\"wpcf7-form-control wpcf7-text wpcf7-validates-as-required form-control\" aria-required=\"true\" aria-invalid=\"false\" \/><\/span> <\/label><\/p>\n<p><label style=\"width: 60%\"> Nachricht<br \/>\n    <span class=\"wpcf7-form-control-wrap your-message\"><textarea name=\"your-message\" cols=\"40\" rows=\"10\" class=\"wpcf7-form-control wpcf7-textarea wpcf7-validates-as-required form-control\" aria-required=\"true\" aria-invalid=\"false\"><\/textarea><\/span> <\/label><\/p>\n<p><input type=\"submit\" value=\"Senden\" class=\"wpcf7-form-control has-spinner wpcf7-submit\" \/><\/p>\n<div class=\"wpcf7-response-output\" aria-hidden=\"true\"><\/div><\/form><\/div><\/div>\n<\/div><\/div>\n<\/div><\/div>\n","protected":false},"excerpt":{"rendered":"","protected":false},"author":1,"featured_media":4963,"parent":0,"menu_order":5,"comment_status":"closed","ping_status":"closed","template":"","meta":[],"acf":[],"uagb_featured_image_src":{"full":false,"thumbnail":false,"medium":false,"medium_large":false,"large":false,"1536x1536":false,"2048x2048":false},"uagb_author_info":{"display_name":"admin","author_link":"https:\/\/www.babyhealthcheck.com\/de\/author\/admin\/"},"uagb_comment_info":0,"uagb_excerpt":null,"_links":{"self":[{"href":"https:\/\/www.babyhealthcheck.com\/de\/wp-json\/wp\/v2\/pages\/6246"}],"collection":[{"href":"https:\/\/www.babyhealthcheck.com\/de\/wp-json\/wp\/v2\/pages"}],"about":[{"href":"https:\/\/www.babyhealthcheck.com\/de\/wp-json\/wp\/v2\/types\/page"}],"author":[{"embeddable":true,"href":"https:\/\/www.babyhealthcheck.com\/de\/wp-json\/wp\/v2\/users\/1"}],"replies":[{"embeddable":true,"href":"https:\/\/www.babyhealthcheck.com\/de\/wp-json\/wp\/v2\/comments?post=6246"}],"version-history":[{"count":3,"href":"https:\/\/www.babyhealthcheck.com\/de\/wp-json\/wp\/v2\/pages\/6246\/revisions"}],"predecessor-version":[{"id":7331,"href":"https:\/\/www.babyhealthcheck.com\/de\/wp-json\/wp\/v2\/pages\/6246\/revisions\/7331"}],"wp:featuredmedia":[{"embeddable":true,"href":"https:\/\/www.babyhealthcheck.com\/de\/wp-json\/"}],"wp:attachment":[{"href":"https:\/\/www.babyhealthcheck.com\/de\/wp-json\/wp\/v2\/media?parent=6246"}],"curies":[{"name":"wp","href":"https:\/\/api.w.org\/{rel}","templated":true}]}}