{"id":6654,"date":"2021-12-20T15:43:52","date_gmt":"2021-12-20T14:43:52","guid":{"rendered":"https:\/\/www.babyhealthcheck.com\/?page_id=6654"},"modified":"2022-06-23T07:00:41","modified_gmt":"2022-06-23T07:00:41","slug":"zielkrankheiten","status":"publish","type":"page","link":"https:\/\/www.babyhealthcheck.com\/at\/zielkrankheiten\/","title":{"rendered":"Zielkrankheiten"},"content":{"rendered":"\n<div class=\"wp-block-columns\">\n<div class=\"wp-block-column pb-70\">\n<h2>Screening auf 15 zus\u00e4tzliche Seltene Erkrankungen<\/h2>\n<\/div>\n<\/div>\n\n\n\n<div class=\"wp-block-columns pb-70\">\n<div class=\"wp-block-column p-relative\" style=\"flex-basis:70%\">\n<p>Dieses Screening-Panel wurde an die in \u00d6sterreich verf\u00fcgbaren Therapien angepasst \u2013 die Erkrankungen wurden somit auf Basis sorgf\u00e4ltiger Analyse der Bedingungen Ihres Gesundheitswesens ausgew\u00e4hlt.<\/p>\n\n\n\n<table class=\"disease-table mb-3\">\n    <thead>\n        <tr>\n            <th>Lysosomale Speicherkrankheiten<\/th>\n        <\/tr>\n    <\/thead>\n    <tbody>\n        <tr>\n            <td>\n                <a id=\"muko\" onclick=\"expand(this);\">Mukopolysaccharidose Typ I<br>\n                Mukopolysaccharidose Typ II<br>\n                Mukopolysaccharidose Typ IIIB<br>\n                Mukopolysaccharidose Typ IVA<br>\n                Mukopolysaccharidose Typ IVB<br>\n                Mukopolysaccharidose Typ VI<br>\n                Mukopolysaccharidose Typ VII<br>\n                <\/a>\n                <div class=\"expand\">\n                    <b>Mukopolysaccharidose (MPS) \u2013 umfangreiche Untersuchung auf sieben Subtypen<\/b><p>Im Zusammenhang mit MPS kommt es zur Einlagerung von Glykosaminoglykanen (GAG) im St\u00fctz- und Bindegewebe. Betroffene haben typische Gesichtsver\u00e4nderungen, Knochenfehlbildungen, Kleinwuchs, Hirsutismus, Entwicklungsbeeintr\u00e4chtigung, Herzprobleme, Hepatosplenomegalie, Seh- und H\u00f6rst\u00f6rungen. Die verwendete Enzymersatztherapie kann den Krankheitsverlauf wesentlich verbessern. Weiters wird auch eine Knochenmarks- bzw. Stammzelltransplantation eingesetzt.<\/p><b>Vorkommen: 1:8.000<\/b>\n                <\/div>\n            <\/td>\n\n\n        <\/tr>\n        <tr>\n            <td>\n                <a id=\"mann\" onclick=\"expand(this);\">\u03b1-Mannosidose als Differentialdiagnostik zur Mukopolysaccharidose\n                <\/a>\n                <div class=\"expand\">\n                    <b>\u03b1-Mannosidose \u2013 wichtige Differentialdiagnostik zu MPS<\/b><p>Bei dieser Stoffwechselst\u00f6rung handelt es sich um eine progrediente lysosomale Speichererkrankung bedingt durch einen \u03b1-Mannosidase-Mangel. Dadurch ist der Abbau von mannosehaltigen Oligosacchariden in den K\u00f6rperzellen gest\u00f6rt. Aktuell stehen zwei kausale Therapien zur Verf\u00fcgung:\nDie h\u00e4matopoetische Stammzelltransplantation und eine Enzymersatztherapie einer rekombinanten Form der humanen \u03b1-Mannosidase. Indikation zur Testung: Faziale Dysmorphie, rezidivierende Infekte, H\u00f6rst\u00f6rung, mentale Beeintr\u00e4chtigung, Entwicklungsverz\u00f6gerung, Hepatosplenomegalie, Makroglossie, Skelettfehlbildungen, Gangst\u00f6rung. Betroffene Kinder m\u00fcssen engmaschig durch ein Infektionsmanagement, Fr\u00fchf\u00f6rderung, H\u00f6rger\u00e4te, Sport und orthop\u00e4dische Operationen betreut werden.<\/p><b>Vorkommen: 1-9:1.000.000<\/b>\n                <\/div>\n            <\/td>\n        <\/tr>\n        <tr>\n            <td>\n                <a id=\"ncl\" onclick=\"expand(this);\">Neuronale Ceroid-Lipofuszinose Typ I und II\n                <\/a>\n                <div class=\"expand\">\n                    <b>Neuronale Ceroid-Lipofuzinose (CLN1 und CLN2)<\/b><p>Von den zehn bekannten Formen wird auf die CLN1 und CLN2-Krankheit getestet. Bei den Betroffenen kommt es zu einer fortschreitenden degenerativen Erkrankung des Gehirns. Klinisch pr\u00e4sentiert sich diese St\u00f6rung durch den Verlust von mentalen F\u00e4higkeiten bis zu Demenz, Sprachst\u00f6rungen, Epilepsie und Retinadegeneration mit Sehverlust und erh\u00f6hter Mortalit\u00e4t. CLN1 manifestiert sich sowohl im Neugeborenenalter als auch im jungen Erwachsenenalter, CLN2 z\u00e4hlt zu der sp\u00e4tinfantilen Form. F\u00fcr die CLN1-Krankheit ist derzeit eine Gentherapie in Erprobung. Bei der CLN2-Krankheit, auch bekannt als Tripeptidyl Peptidase 1 (TPP1) Mangel, gibt es eine intracerebroventrikul\u00e4re Infusionstherapie im Kleinkindalter.<\/p><b>Vorkommen: 1-9\/100.000<\/b>\n<p><a class=\"read-more__link\" href=\"ceroid-lipofuszinose-typ-1-und-typ-2\">Mehr erfahren<\/a><\/p>\n                <\/div>\n            <\/td>\n        <\/tr>\n        <tr>\n            <td>\n                <a id=\"pompe\" onclick=\"expand(this);\">Morbus Pompe (Glykogenose Typ II)\n                <\/a>\n                <div class=\"expand\">\n                   <b>Morbus Pompe (\u03b1-1,4-Glucosidase-Mangel)<\/b><p>Bei der Pompe-Krankheit kommt es aufgrund eines Saure-Maltase-Mangels zu einer Typ II Glykogenose. Bei der infantilen Form hat der F\u00f6tus bereits eine hypertrophe Kardiomyopathie, Hepatomegalie sowie Muskelhypotonie. Diese Kinder fallen postnatal durch Ateminsuffizienz und Trinkschwierigkeiten auf. Bei der sp\u00e4tbeginnenden Form handelt es sich um eine degenerative metabolische Myopathie. Hierbei stechen typischerweise die progredienten Gliederg\u00fcrtelmyopathien hervor, beginnend in den unteren Gliedma\u00dfen, und\/oder mit respiratorischen Problemen durch Einlagerungen in der Atemmuskulatur. Diese Erkrankung kann seit 2006 erfolgreich mittels spezifischer Enzymersatztherapie behandelt werden.<\/p><b>Vorkommen: 1:60.000<\/b>\n                <\/div>\n            <\/td>\n        <\/tr>\n        <tr>\n            <td>\n                <a id=\"lald\" onclick=\"expand(this);\">Lysosomale saure Lipase-Defizienz\n                <\/a>\n                <div class=\"expand\">\n                   <b>Lysosomale saure Lipase-Defizienz (LAL-D)<\/b><p>Bei diesem Enzymmangel k\u00f6nnen Fette nicht richtig abgebaut werden, und es kommt zur Ablagerung von Cholesterinester und Triglyzeriden im Gewebe. Dies verursacht Hepatosplenomegalie bis zur Leberzirrhose, Xanthomatose und Atherosklerose. Je fr\u00fcher sich diese progressive Erkrankung manifestiert, desto schlechter die Prognose. Bei <i>early onset<\/i> stehen Nebennierenverkalkungen, Leberversagen, Diarrhoe\/Steatorrhoe, Malabsorption und mentale Beeintr\u00e4chtigung im Vordergrund. Bei sp\u00e4terer Manifestation kommt es auch zu Blutungen im Gastrointestinaltrakt, koronarer Herzerkrankung, Aneurysma und Schlaganfall. Bei Blutarmut und niedrigen Blutpl\u00e4ttchen werden Blutprodukte verabreicht. Auch eine Lebertransplantation kommt hier zum Einsatz. Therapeutisch stehen blutfettsenkende Medikamente zur Verf\u00fcgung. Zus\u00e4tzlich gibt es eine spezifische Enzymersatztherapie.<\/p><b>Vorkommen: 1-9\/100.000<\/b>\n<p><a class=\"read-more__link\" href=\"lsosomale-saure-lipase-defienz-lald\">Mehr erfahren<\/a><\/p>\n                <\/div>\n            <\/td>\n        <\/tr>\n    <\/tbody>\n<\/table>\n\n\n\n<table class=\"disease-table mb-3\">\n    <thead>\n        <tr>\n            <th>Leukodystrophie<\/th>\n        <\/tr>\n    <\/thead>\n    <tbody>\n        <tr>\n            <td>\n                <a id=\"ctx\" onclick=\"expand(this);\">Cerebrotendin\u00f6se Xanthomatose\n                <\/a>\n                <div class=\"expand\">\n                    <b>Cerebrotendin\u00f6se Xanthomatose (CTX)<\/b>\n                    <p>Hier verursacht eine Genmutation einen Enzymdefekt der Sterol-27-Hydroxylase. Dies f\u00fchrt zu einer neurodegenerativen St\u00f6rung durch Ablagerungen von Cholestanol sowie Cholesterin im Gewebe. Zum typischen klinischen Erscheinungsbild geh\u00f6ren Gallenblasenpathologien, Cholestase und chronische Diarrhoe beim S\u00e4ugling, Katarakt mit Sehst\u00f6rungen, Xanthome, psychiatrische oder neurologische St\u00f6rungen, Entwicklungsst\u00f6rungen, Epilepsie, Kardiomyopathie mit Herzrhythmusst\u00f6rungen. F\u00fcr diese Erkrankung stehen bereits unterschiedliche medikament\u00f6se Therapien zur Verf\u00fcgung. Die Behandlung f\u00fchrt zur Normalisierung und teilweisen R\u00fcckbildung von bereits aufgetretenen Symptomen.<\/p>\n                    <b>Vorkommen: 1:50.000<\/b>\n<p><a class=\"read-more__link\" href=\"cerebrotendinoese-xanthomatose-ctx\">Mehr erfahren<\/a><\/p>\n                <\/div>\n            <\/td>\n        <\/tr>\n    <\/tbody>\n<\/table>\n\n\n\n<table class=\"disease-table mb-3\">\n    <thead>\n        <tr>\n            <th>Kohlenhydratstoffwechseldefekt<\/th>\n        <\/tr>\n    <\/thead>\n    <tbody>\n        <tr>\n            <td>\n                <a onclick=\"expand(this);\">Glucose-6-Phosphat-Dehydrogenase Mangel (G6PD-Mangel)<\/a>\n                <div class=\"expand\">\n                    <b>Glucose-6-Phosphat-Dehydrogenase Mangel (G6PD-Mangel)<\/b>\n                    <p>Bei diesem angeborenen Enzymdefekt kommt es zur St\u00f6rung im Bereich des Erythrozytenstoffwechsels. Durch Infektion, Einnahme von bestimmten Medikamenten oder Nahrungsmitteln kann es zur h\u00e4molytischen An\u00e4mie bis zum Nierenversagen kommen. Neugeborene fallen mit Ikterus auf.<\/p>\n<p><a class=\"read-more__link\" href=\"glucose-6-phosphat-deydrogenase-mangel\">Mehr erfahren<\/a><\/p>\n                <\/div>\n            <\/td>\n\n        <\/tr>\n    <\/tbody>\n<\/table>\n\n\n\n<table class=\"disease-table mb-5\">\n    <thead>\n        <tr>\n            <th>H\u00e4moglobinopathie<\/th>\n        <\/tr>\n    <\/thead>\n    <tbody>\n        <tr>\n            <td>\n                <a onclick=\"expand(this);\">Sichelzellkrankheit (Sichelzellan\u00e4mie)<\/a>\n                <div class=\"expand\">\n                    <b>Sichelzellan\u00e4mie<\/b>\n                    <p>Eine abnormale H\u00e4moglobinproduktion f\u00fchrt zu sichelf\u00f6rmigen Erythrozyten. Dies f\u00fchrt zu einem reduzierten Lebenszyklus und einer verringerten Sauerstoff-bindungskapazit\u00e4t. Dabei kommt es zu Schmerzkrisen durch Durchblutungsst\u00f6rungen mit Thrombosen, h\u00e4molytischer An\u00e4mie und rezidivierenden Infekten.<\/p>\n                <\/div>\n            <\/td>\n\n        <\/tr>\n    <\/tbody>\n<\/table>\n\n\n\n<p class=\"mb-3\">Jedoch haben Sie zus\u00e4tzlich zu diesem Panel die M\u00f6glichkeit, eine Untersuchung aller 70+ Erkrankungen des Baby Health Checks zu veranlassen. Dies hat die folgenden Vorteile:<\/p>\n\n\n\n<ul class=\"pink-checks mb-5\"><li>Besseres Eingehen auf die Bed\u00fcrfnisse Ihrer Patienten (z.B. im Falle von positiver Familienanamnese)<\/li><li>Untersuchung auf weitere wichtige Seltene Erkrankungen \u2013 nur wo gescreent wird, kann fr\u00fchzeitig an einen Experten verwiesen und therapiert werden<\/li><li>Beitrag zur schrittweisen Erweiterung des Neugeborenen-Screenings<\/li><\/ul>\n\n\n\n<div class=\"wp-container-1 wp-block-buttons\">\n<div class=\"wp-block-button has-custom-font-size has-small-font-size\"><a class=\"wp-block-button__link has-background no-border-radius\" href=\"https:\/\/www.babyhealthcheck.com\/at\/komplettes-screening-panel\/\" style=\"background-color:#7b67ab\">Hier geht es zu unserem kompletten Screening-Panel<\/a><\/div>\n<\/div>\n<\/div>\n\n\n\n<div class=\"wp-block-column\" style=\"flex-basis:33.33%\"><\/div>\n<\/div>\n\n\n\n<div class=\"wp-block-columns\">\n<div class=\"wp-block-column\" style=\"flex-basis:60%\">\n<h2><mark style=\"background-color:rgba(0, 0, 0, 0);color:#7b67ab\" class=\"has-inline-color\">Weitere wichtige Informationen<\/mark><\/h2>\n\n\n\n<p><strong><span style=\"color:#7b67ab\" class=\"has-inline-color\">Dauer der labordiagnostischen Analytik<\/span><\/strong><br>Die Durchf\u00fchrung der Labordiagnostik dauert zwischen 7-10 Werktagen. Sie werden per E-Mail \u00fcber das Eintreffen der Probe sowie der Verf\u00fcgbarkeit des Medizinischer Befundes benachrichtigt.<\/p>\n\n\n\n<p><strong><span style=\"color:#7b67ab\" class=\"has-inline-color\">Auff\u00e4lliger biochemischer Befund<\/span><\/strong><br>Sollte die erste biochemische Untersuchung auff\u00e4llig sein, ist eine unverz\u00fcgliche genetische Konfirmationsdiagnostik im Programm inkludiert. Dies dient der Vermeidung von falsch-positiven Resultaten sowie einer verk\u00fcrzten Zeitspanne zwischen Probeentnahme und m\u00f6glicher Diagnose.<\/p>\n\n\n\n<p><strong><span style=\"color:#7b67ab\" class=\"has-inline-color\">Befund\u00fcbermittlung \u00fcber das Webportal&nbsp;<\/span><\/strong><br>Die\/der zuweisende(r) \u00c4rztIn erh\u00e4lt den elektronischen medizinischen Befund \u00fcber das ARCHIMEDlife Webportal, woraufhin sie\/er sich mit den Eltern in Kontakt setzt und das Befundergebnis bespricht. Eine Anmeldung im Webportal bringt folgende Vorteile: Benachrichtigung \u00fcber das Eintreffen der Probe im Labor, aktueller Status der Untersuchung, PDF Download des medizinischen Befundberichtes und eine einfache Folgebestellung der Blutabnahme-Kits.<\/p>\n\n\n\n<p><strong><span style=\"color:#7b67ab\" class=\"has-inline-color\">Akkreditierung und Validierung<\/span><\/strong><br>ARCHIMEDlife ist ein zertifiziertes und akkreditiertes Medizinisches Labor. Wir arbeiten auf dem h\u00f6chsten Niveau und unterliegen strengen Kontrollen der Akkreditierung Austria. Das Labor ist mit dem h\u00f6chsten Qualit\u00e4tssiegel ausgenzeichnet (ISO 15189 f\u00fcr Medizinische Labors). Nur wenige Labors in \u00d6sterreich haben dieses Qualit\u00e4tssiegel.<br><br>Alle Labortests unterliegen strengsten Kontrollen und werden regelm\u00e4\u00dfig in internationalen Ringversuchen \u00fcberpr\u00fcft und&nbsp;sind vollst\u00e4ndig nach den Forderungen der ISO 15189 validiert. Diese Validierungen werden extern durch die Beh\u00f6rde Akkreditierung Austria \u00fcberpr\u00fcft. ARCHIMEDlife arbeitet mit internationalen Labors an der stetigen Qualit\u00e4ts\u00fcberpr\u00fcfung in internationalen Ringversuchen.<\/p>\n<\/div>\n\n\n\n<div class=\"wp-block-column\">\n<div class=\"wp-container-3 wp-block-group info-box-pink\"><div class=\"wp-block-group__inner-container\">\n<figure class=\"wp-block-image size-full pin\"><img loading=\"lazy\" width=\"251\" height=\"256\" src=\"https:\/\/www.babyhealthcheck.com\/at\/wp-content\/uploads\/sites\/6\/2022\/01\/pin-lg.png\" alt=\"\" class=\"wp-image-7034\"\/><\/figure>\n\n\n\n<h4 class=\"has-text-align-center\" style=\"font-size:18px\"><strong>Wussten Sie schon?<\/strong><\/h4>\n\n\n\n<p class=\"has-text-align-center has-small-font-size\">ARCHIMEDlife ist ein akkredidiertes medizinisches Labor mit Sitz in Wien. Neben der Diagnostik f\u00fcr Seltene Erkrankungen sind wir im Bereich der Routinediagnostik t\u00e4tig und engagieren uns f\u00fcr die Entwicklung neuer Labortests.<\/p>\n\n\n\n<p class=\"has-text-align-center has-small-font-size\">Lernen Sie uns kennen! Auf unserer <a href=\"https:\/\/www.archimedlife.com\" target=\"_blank\" rel=\"noreferrer noopener\">Website<\/a> finden Sie all unsere diagnostischen Leistungen und noch mehr. Wir freuen uns auf Sie.<\/p>\n\n\n\n<div class=\"wp-container-2 wp-block-buttons pb-3\">\n<div class=\"wp-block-button has-custom-font-size center-button has-small-font-size\"><a class=\"wp-block-button__link has-background no-border-radius\" href=\"https:\/\/www.archimedlife.com\" style=\"background-color:#7b67ab\" target=\"_blank\" rel=\"noreferrer noopener\">Mehr erfahren<\/a><\/div>\n<\/div>\n<\/div><\/div>\n<\/div>\n<\/div>\n","protected":false},"excerpt":{"rendered":"<p>Screening auf 15 zus\u00e4tzliche Seltene Erkrankungen Dieses Screening-Panel wurde an die in \u00d6sterreich verf\u00fcgbaren Therapien angepasst \u2013 die Erkrankungen wurden somit auf Basis sorgf\u00e4ltiger Analyse der Bedingungen Ihres Gesundheitswesens ausgew\u00e4hlt. Lysosomale Speicherkrankheiten Mukopolysaccharidose Typ I Mukopolysaccharidose Typ II Mukopolysaccharidose Typ IIIB Mukopolysaccharidose Typ IVA Mukopolysaccharidose Typ IVB Mukopolysaccharidose Typ VI Mukopolysaccharidose Typ VII Mukopolysaccharidose (MPS)<\/p>\n","protected":false},"author":1,"featured_media":4939,"parent":0,"menu_order":2,"comment_status":"closed","ping_status":"closed","template":"","meta":[],"acf":[],"uagb_featured_image_src":{"full":false,"thumbnail":false,"medium":false,"medium_large":false,"large":false,"1536x1536":false,"2048x2048":false},"uagb_author_info":{"display_name":"admin","author_link":"https:\/\/www.babyhealthcheck.com\/at\/author\/admin\/"},"uagb_comment_info":0,"uagb_excerpt":"Screening auf 15 zus\u00e4tzliche Seltene Erkrankungen Dieses Screening-Panel wurde an die in \u00d6sterreich verf\u00fcgbaren Therapien angepasst \u2013 die Erkrankungen wurden somit auf Basis sorgf\u00e4ltiger Analyse der Bedingungen Ihres Gesundheitswesens ausgew\u00e4hlt. Lysosomale Speicherkrankheiten Mukopolysaccharidose Typ I Mukopolysaccharidose Typ II Mukopolysaccharidose Typ IIIB Mukopolysaccharidose Typ IVA Mukopolysaccharidose Typ IVB Mukopolysaccharidose Typ VI Mukopolysaccharidose Typ VII Mukopolysaccharidose (MPS)","_links":{"self":[{"href":"https:\/\/www.babyhealthcheck.com\/at\/wp-json\/wp\/v2\/pages\/6654"}],"collection":[{"href":"https:\/\/www.babyhealthcheck.com\/at\/wp-json\/wp\/v2\/pages"}],"about":[{"href":"https:\/\/www.babyhealthcheck.com\/at\/wp-json\/wp\/v2\/types\/page"}],"author":[{"embeddable":true,"href":"https:\/\/www.babyhealthcheck.com\/at\/wp-json\/wp\/v2\/users\/1"}],"replies":[{"embeddable":true,"href":"https:\/\/www.babyhealthcheck.com\/at\/wp-json\/wp\/v2\/comments?post=6654"}],"version-history":[{"count":21,"href":"https:\/\/www.babyhealthcheck.com\/at\/wp-json\/wp\/v2\/pages\/6654\/revisions"}],"predecessor-version":[{"id":7440,"href":"https:\/\/www.babyhealthcheck.com\/at\/wp-json\/wp\/v2\/pages\/6654\/revisions\/7440"}],"wp:featuredmedia":[{"embeddable":true,"href":"https:\/\/www.babyhealthcheck.com\/at\/wp-json\/"}],"wp:attachment":[{"href":"https:\/\/www.babyhealthcheck.com\/at\/wp-json\/wp\/v2\/media?parent=6654"}],"curies":[{"name":"wp","href":"https:\/\/api.w.org\/{rel}","templated":true}]}}